{"id":229,"date":"2025-12-01T15:49:57","date_gmt":"2025-12-01T15:49:57","guid":{"rendered":"https:\/\/mrios.santcugatesn.com\/?page_id=229"},"modified":"2025-12-18T20:26:42","modified_gmt":"2025-12-18T20:26:42","slug":"sobre-senzia","status":"publish","type":"page","link":"https:\/\/mrios.santcugatesn.com\/index.php\/sobre-senzia\/","title":{"rendered":"SOBRE SENZIA"},"content":{"rendered":"\n<div class=\"wp-block-group alignfull is-content-justification-center\" style=\"margin-top:0;margin-bottom:0;padding-top:calc( 0.5 * var(--wp--style--root--padding-right, var(--wp--custom--gap--horizontal)));padding-right:var(--wp--style--root--padding-right, var(--wp--custom--gap--horizontal));padding-bottom:calc( 0.5 * var(--wp--style--root--padding-right, var(--wp--custom--gap--horizontal)));padding-left:var(--wp--style--root--padding-left, var(--wp--custom--gap--horizontal))\"><div class=\"wp-block-group__inner-container is-layout-constrained wp-container-core-group-is-layout-c7f866ca wp-block-group-is-layout-constrained\">\n<div style=\"height:calc( 0.25 * var(--wp--style--root--padding-right, var(--wp--custom--gap--horizontal)))\" aria-hidden=\"true\" class=\"wp-block-spacer\"><\/div>\n\n\n\n<div class=\"wp-block-columns alignfull is-layout-flex wp-container-core-columns-is-layout-7c9548a8 wp-block-columns-is-layout-flex\" style=\"padding-top:0;padding-right:0;padding-bottom:0;padding-left:0\">\n<div class=\"wp-block-column is-layout-flow wp-block-column-is-layout-flow\">\n<div class=\"wp-block-cover aligncenter is-light\" style=\"min-height:398px;aspect-ratio:unset;\"><img loading=\"lazy\" decoding=\"async\" width=\"1004\" height=\"1008\" class=\"wp-block-cover__image-background wp-image-355 size-full\" alt=\"\" src=\"https:\/\/mrios.santcugatesn.com\/wp-content\/uploads\/2025\/12\/Captura-de-pantalla-2025-12-15-a-las-21.35.31.png\" data-object-fit=\"cover\" srcset=\"https:\/\/mrios.santcugatesn.com\/wp-content\/uploads\/2025\/12\/Captura-de-pantalla-2025-12-15-a-las-21.35.31.png 1004w, https:\/\/mrios.santcugatesn.com\/wp-content\/uploads\/2025\/12\/Captura-de-pantalla-2025-12-15-a-las-21.35.31-300x300.png 300w, https:\/\/mrios.santcugatesn.com\/wp-content\/uploads\/2025\/12\/Captura-de-pantalla-2025-12-15-a-las-21.35.31-150x150.png 150w, https:\/\/mrios.santcugatesn.com\/wp-content\/uploads\/2025\/12\/Captura-de-pantalla-2025-12-15-a-las-21.35.31-768x771.png 768w, https:\/\/mrios.santcugatesn.com\/wp-content\/uploads\/2025\/12\/Captura-de-pantalla-2025-12-15-a-las-21.35.31-920x924.png 920w, https:\/\/mrios.santcugatesn.com\/wp-content\/uploads\/2025\/12\/Captura-de-pantalla-2025-12-15-a-las-21.35.31-575x577.png 575w, https:\/\/mrios.santcugatesn.com\/wp-content\/uploads\/2025\/12\/Captura-de-pantalla-2025-12-15-a-las-21.35.31-380x382.png 380w, https:\/\/mrios.santcugatesn.com\/wp-content\/uploads\/2025\/12\/Captura-de-pantalla-2025-12-15-a-las-21.35.31-800x803.png 800w, https:\/\/mrios.santcugatesn.com\/wp-content\/uploads\/2025\/12\/Captura-de-pantalla-2025-12-15-a-las-21.35.31-100x100.png 100w\" sizes=\"auto, (max-width: 1004px) 100vw, 1004px\" \/><span aria-hidden=\"true\" class=\"wp-block-cover__background has-background-dim-0 has-background-dim\" style=\"background-color:#9d8e7e\"><\/span><div class=\"wp-block-cover__inner-container is-layout-flow wp-block-cover-is-layout-flow\">\n<p class=\"has-text-align-center has-large-font-size\"><\/p>\n<\/div><\/div>\n<\/div>\n\n\n\n<div class=\"wp-block-column is-vertically-aligned-center is-layout-constrained wp-container-core-column-is-layout-254f1302 wp-block-column-is-layout-constrained\" style=\"padding-top:0;padding-right:0;padding-bottom:0;padding-left:0\">\n<div class=\"wp-block-group alignwide\" style=\"margin-top:var(--wp--preset--spacing--40);margin-bottom:var(--wp--preset--spacing--40);padding-top:0px;padding-right:60px;padding-bottom:0px;padding-left:60px\"><div class=\"wp-block-group__inner-container is-layout-flow wp-block-group-is-layout-flow\">\n<h2 class=\"wp-block-heading has-text-align-left has-large-font-size\"><strong><strong>MISI\u00d3N<\/strong><\/strong><\/h2>\n\n\n\n<p class=\"has-text-align-left\" style=\"margin-bottom:var(--wp--preset--spacing--40)\">La misi\u00f3n de&nbsp;<strong>SENZIA<\/strong>&nbsp;es mejorar la calidad de vida de las personas a trav\u00e9s de ambientes que generen calma, bienestar y equilibrio. Dise\u00f1amos soluciones inteligentes que combinan aroma, luz y tecnolog\u00eda para que cada espacio se adapte a las necesidades y emociones de quien lo habita, de forma sencilla y consciente.<\/p>\n\n\n\n<div class=\"wp-block-buttons is-layout-flex wp-block-buttons-is-layout-flex\" style=\"margin-top:64px\">\n<div class=\"wp-block-button has-custom-font-size\"><a class=\"wp-block-button__link has-text-align-right wp-element-button\" href=\"https:\/\/mrios.santcugatesn.com\/index.php\/ambientadores\/\">DESCUBRE M\u00c1S SOBRE NOSOTROS<\/a><\/div>\n<\/div>\n<\/div><\/div>\n<\/div>\n<\/div>\n\n\n\n<div class=\"wp-block-columns alignfull is-layout-flex wp-container-core-columns-is-layout-7c9548a8 wp-block-columns-is-layout-flex\" style=\"padding-top:0;padding-right:0;padding-bottom:0;padding-left:0\">\n<div class=\"wp-block-column is-vertically-aligned-center is-layout-flow wp-block-column-is-layout-flow\" style=\"padding-top:0;padding-right:0;padding-bottom:0;padding-left:0\">\n<div class=\"wp-block-group\" style=\"padding-top:50px;padding-right:50px;padding-bottom:50px;padding-left:50px\"><div class=\"wp-block-group__inner-container is-layout-constrained wp-container-core-group-is-layout-bd9266ff wp-block-group-is-layout-constrained\">\n<div class=\"wp-block-group\"><div class=\"wp-block-group__inner-container is-layout-flow wp-block-group-is-layout-flow\">\n<h5 class=\"wp-block-heading has-text-align-right\" style=\"text-transform:capitalize\"><strong><strong>VISI\u00d3N<\/strong><\/strong><\/h5>\n\n\n\n<p class=\"has-text-align-right\" style=\"margin-top:25px;margin-right:0;margin-bottom:0;margin-left:0;padding-top:0;padding-right:0;padding-bottom:0;padding-left:0\">La visi\u00f3n de&nbsp;<strong>SENZIA<\/strong>&nbsp;es convertirnos en una marca de referencia en bienestar sensorial para el hogar, ofreciendo una nueva manera de cuidar los espacios a trav\u00e9s de productos sostenibles, personalizados y f\u00e1ciles de usar. Queremos formar parte del d\u00eda a d\u00eda de las personas, creando hogares m\u00e1s tranquilos, saludables y conectados con el bienestar emocional.<\/p>\n<\/div><\/div>\n\n\n\n<div class=\"wp-block-buttons is-content-justification-right is-layout-flex wp-container-core-buttons-is-layout-45474da8 wp-block-buttons-is-layout-flex\" style=\"margin-top:64px\">\n<div class=\"wp-block-button has-custom-font-size\"><a class=\"wp-block-button__link wp-element-button\" href=\"https:\/\/mrios.santcugatesn.com\/index.php\/ambientadores\/\">DESCUBRE NUESTROS AROMAS<\/a><\/div>\n<\/div>\n<\/div><\/div>\n<\/div>\n\n\n\n<div class=\"wp-block-column is-vertically-aligned-center is-layout-flow wp-block-column-is-layout-flow\">\n<figure class=\"wp-block-image is-resized is-light\"><img loading=\"lazy\" decoding=\"async\" width=\"906\" height=\"708\" src=\"https:\/\/mrios.santcugatesn.com\/wp-content\/uploads\/2025\/12\/Captura-de-pantalla-2025-12-16-a-las-16.23.34-1.png\" alt=\"\" class=\"wp-image-396\" style=\"aspect-ratio:1.2796899808929196;width:695px;height:auto\" srcset=\"https:\/\/mrios.santcugatesn.com\/wp-content\/uploads\/2025\/12\/Captura-de-pantalla-2025-12-16-a-las-16.23.34-1.png 906w, https:\/\/mrios.santcugatesn.com\/wp-content\/uploads\/2025\/12\/Captura-de-pantalla-2025-12-16-a-las-16.23.34-1-300x234.png 300w, https:\/\/mrios.santcugatesn.com\/wp-content\/uploads\/2025\/12\/Captura-de-pantalla-2025-12-16-a-las-16.23.34-1-768x600.png 768w, https:\/\/mrios.santcugatesn.com\/wp-content\/uploads\/2025\/12\/Captura-de-pantalla-2025-12-16-a-las-16.23.34-1-575x449.png 575w, https:\/\/mrios.santcugatesn.com\/wp-content\/uploads\/2025\/12\/Captura-de-pantalla-2025-12-16-a-las-16.23.34-1-380x297.png 380w, https:\/\/mrios.santcugatesn.com\/wp-content\/uploads\/2025\/12\/Captura-de-pantalla-2025-12-16-a-las-16.23.34-1-800x625.png 800w\" sizes=\"auto, (max-width: 906px) 100vw, 906px\" \/><\/figure>\n<\/div>\n<\/div>\n\n\n\n<div style=\"height:calc( 0.25 * var(--wp--style--root--padding-right, var(--wp--custom--gap--horizontal)))\" aria-hidden=\"true\" class=\"wp-block-spacer\"><\/div>\n<\/div><\/div>\n\n\n\n<figure class=\"wp-block-image alignwide size-large\"><img loading=\"lazy\" decoding=\"async\" width=\"1024\" height=\"346\" src=\"https:\/\/mrios.santcugatesn.com\/wp-content\/uploads\/2025\/12\/Gemini_Generated_Image_tzcm4btzcm4btzcm-e1765970416217-1024x346.png\" alt=\"\" class=\"wp-image-399\" srcset=\"https:\/\/mrios.santcugatesn.com\/wp-content\/uploads\/2025\/12\/Gemini_Generated_Image_tzcm4btzcm4btzcm-e1765970416217-1024x346.png 1024w, https:\/\/mrios.santcugatesn.com\/wp-content\/uploads\/2025\/12\/Gemini_Generated_Image_tzcm4btzcm4btzcm-e1765970416217-300x101.png 300w, https:\/\/mrios.santcugatesn.com\/wp-content\/uploads\/2025\/12\/Gemini_Generated_Image_tzcm4btzcm4btzcm-e1765970416217-768x260.png 768w, https:\/\/mrios.santcugatesn.com\/wp-content\/uploads\/2025\/12\/Gemini_Generated_Image_tzcm4btzcm4btzcm-e1765970416217-920x311.png 920w, https:\/\/mrios.santcugatesn.com\/wp-content\/uploads\/2025\/12\/Gemini_Generated_Image_tzcm4btzcm4btzcm-e1765970416217-575x194.png 575w, https:\/\/mrios.santcugatesn.com\/wp-content\/uploads\/2025\/12\/Gemini_Generated_Image_tzcm4btzcm4btzcm-e1765970416217-380x129.png 380w, https:\/\/mrios.santcugatesn.com\/wp-content\/uploads\/2025\/12\/Gemini_Generated_Image_tzcm4btzcm4btzcm-e1765970416217-800x271.png 800w, https:\/\/mrios.santcugatesn.com\/wp-content\/uploads\/2025\/12\/Gemini_Generated_Image_tzcm4btzcm4btzcm-e1765970416217.png 1088w\" sizes=\"auto, (max-width: 1024px) 100vw, 1024px\" \/><\/figure>\n\n\n\n<h5 class=\"wp-block-heading has-text-align-center\" style=\"text-transform:capitalize\"><strong>VALORES<\/strong><\/h5>\n\n\n\n<p class=\"has-text-align-center\" style=\"margin-top:25px\">\ud83c\udf3f Bienestar<\/p>\n\n\n\n<p class=\"has-text-align-center\">Creemos en la importancia de crear espacios que transmitan calma, confort y equilibrio emocional. Todo lo que hacemos est\u00e1 pensado para mejorar c\u00f3mo se sienten las personas en su entorno.<\/p>\n\n\n\n<h5 class=\"wp-block-heading has-text-align-center\">\ud83c\udf31 Sostenibilidad<\/h5>\n\n\n\n<p class=\"has-text-align-center\">Apostamos por un consumo responsable, utilizando c\u00e1psulas recargables, esencias naturales y sistemas inteligentes que evitan el desperdicio. Cuidar del planeta tambi\u00e9n es cuidar de nosotros.<\/p>\n\n\n\n<h5 class=\"wp-block-heading has-text-align-center\">\ud83d\udca1 Innovaci\u00f3n cercana<\/h5>\n\n\n\n<p class=\"has-text-align-center\">Utilizamos la tecnolog\u00eda como una herramienta \u00fatil y accesible, pensada para facilitar la vida cotidiana y adaptarse a cada usuario sin complicaciones.<\/p>\n\n\n\n<h5 class=\"wp-block-heading has-text-align-center\">\ud83c\udfa8 Dise\u00f1o consciente<\/h5>\n\n\n\n<p class=\"has-text-align-center\">Cuidamos la est\u00e9tica y el dise\u00f1o para que nuestros productos encajen de forma natural en cualquier espacio, combinando funcionalidad y elegancia.<\/p>\n\n\n\n<h5 class=\"wp-block-heading has-text-align-center\">\ud83e\udd0d Honestidad y transparencia<\/h5>\n\n\n\n<p class=\"has-text-align-center\" style=\"margin-top:25px\">Nos comunicamos de forma clara, sincera y cercana, construyendo una relaci\u00f3n de confianza con nuestros clientes y nuestra comunidad.<\/p>\n","protected":false},"excerpt":{"rendered":"<p>MISI\u00d3N La misi\u00f3n de&nbsp;SENZIA&nbsp;es mejorar la calidad de vida de las personas a trav\u00e9s de ambientes que generen calma, bienestar y equilibrio. Dise\u00f1amos soluciones inteligentes que combinan aroma, luz y [&hellip;]<\/p>\n","protected":false},"author":2,"featured_media":0,"parent":0,"menu_order":0,"comment_status":"closed","ping_status":"closed","template":"","meta":{"footnotes":""},"class_list":["post-229","page","type-page","status-publish","hentry"],"yoast_head":"<!-- This site is optimized with the Yoast SEO plugin v26.6 - https:\/\/yoast.com\/wordpress\/plugins\/seo\/ -->\n<title>Sobre Senzia | Bienestar sensorial y tecnolog\u00eda consciente<\/title>\n<meta name=\"description\" content=\"Descubre nuestra misi\u00f3n, visi\u00f3n y valores. Soluciones de bienestar sensorial para el hogar con aroma, luz y tecnolog\u00eda consciente.\" \/>\n<meta name=\"robots\" content=\"index, follow, max-snippet:-1, max-image-preview:large, max-video-preview:-1\" \/>\n<link rel=\"canonical\" href=\"https:\/\/mrios.santcugatesn.com\/index.php\/sobre-senzia\/\" \/>\n<meta property=\"og:locale\" content=\"es_ES\" \/>\n<meta property=\"og:type\" content=\"article\" \/>\n<meta property=\"og:title\" content=\"Sobre Senzia | Bienestar sensorial y tecnolog\u00eda consciente\" \/>\n<meta property=\"og:description\" content=\"Descubre nuestra misi\u00f3n, visi\u00f3n y valores. Soluciones de bienestar sensorial para el hogar con aroma, luz y tecnolog\u00eda consciente.\" \/>\n<meta property=\"og:url\" content=\"https:\/\/mrios.santcugatesn.com\/index.php\/sobre-senzia\/\" \/>\n<meta property=\"article:modified_time\" content=\"2025-12-18T20:26:42+00:00\" \/>\n<meta property=\"og:image\" content=\"https:\/\/mrios.santcugatesn.com\/wp-content\/uploads\/2025\/12\/Captura-de-pantalla-2025-12-15-a-las-21.35.31.png\" \/>\n\t<meta property=\"og:image:width\" content=\"1004\" \/>\n\t<meta property=\"og:image:height\" content=\"1008\" \/>\n\t<meta property=\"og:image:type\" content=\"image\/png\" \/>\n<meta name=\"twitter:card\" content=\"summary_large_image\" \/>\n<meta name=\"twitter:label1\" content=\"Tiempo de lectura\" \/>\n\t<meta name=\"twitter:data1\" content=\"2 minutos\" \/>\n<script type=\"application\/ld+json\" class=\"yoast-schema-graph\">{\"@context\":\"https:\/\/schema.org\",\"@graph\":[{\"@type\":\"WebPage\",\"@id\":\"https:\/\/mrios.santcugatesn.com\/index.php\/sobre-senzia\/\",\"url\":\"https:\/\/mrios.santcugatesn.com\/index.php\/sobre-senzia\/\",\"name\":\"Sobre Senzia | Bienestar sensorial y tecnolog\u00eda consciente\",\"isPartOf\":{\"@id\":\"https:\/\/mrios.santcugatesn.com\/#website\"},\"primaryImageOfPage\":{\"@id\":\"https:\/\/mrios.santcugatesn.com\/index.php\/sobre-senzia\/#primaryimage\"},\"image\":{\"@id\":\"https:\/\/mrios.santcugatesn.com\/index.php\/sobre-senzia\/#primaryimage\"},\"thumbnailUrl\":\"https:\/\/mrios.santcugatesn.com\/wp-content\/uploads\/2025\/12\/Captura-de-pantalla-2025-12-15-a-las-21.35.31.png\",\"datePublished\":\"2025-12-01T15:49:57+00:00\",\"dateModified\":\"2025-12-18T20:26:42+00:00\",\"description\":\"Descubre nuestra misi\u00f3n, visi\u00f3n y valores. Soluciones de bienestar sensorial para el hogar con aroma, luz y tecnolog\u00eda consciente.\",\"breadcrumb\":{\"@id\":\"https:\/\/mrios.santcugatesn.com\/index.php\/sobre-senzia\/#breadcrumb\"},\"inLanguage\":\"es\",\"potentialAction\":[{\"@type\":\"ReadAction\",\"target\":[\"https:\/\/mrios.santcugatesn.com\/index.php\/sobre-senzia\/\"]}]},{\"@type\":\"ImageObject\",\"inLanguage\":\"es\",\"@id\":\"https:\/\/mrios.santcugatesn.com\/index.php\/sobre-senzia\/#primaryimage\",\"url\":\"https:\/\/mrios.santcugatesn.com\/wp-content\/uploads\/2025\/12\/Captura-de-pantalla-2025-12-15-a-las-21.35.31.png\",\"contentUrl\":\"https:\/\/mrios.santcugatesn.com\/wp-content\/uploads\/2025\/12\/Captura-de-pantalla-2025-12-15-a-las-21.35.31.png\",\"width\":1004,\"height\":1008},{\"@type\":\"BreadcrumbList\",\"@id\":\"https:\/\/mrios.santcugatesn.com\/index.php\/sobre-senzia\/#breadcrumb\",\"itemListElement\":[{\"@type\":\"ListItem\",\"position\":1,\"name\":\"Portada\",\"item\":\"https:\/\/mrios.santcugatesn.com\/\"},{\"@type\":\"ListItem\",\"position\":2,\"name\":\"SOBRE SENZIA\"}]},{\"@type\":\"WebSite\",\"@id\":\"https:\/\/mrios.santcugatesn.com\/#website\",\"url\":\"https:\/\/mrios.santcugatesn.com\/\",\"name\":\"SENZIA\",\"description\":\"\",\"publisher\":{\"@id\":\"https:\/\/mrios.santcugatesn.com\/#organization\"},\"potentialAction\":[{\"@type\":\"SearchAction\",\"target\":{\"@type\":\"EntryPoint\",\"urlTemplate\":\"https:\/\/mrios.santcugatesn.com\/?s={search_term_string}\"},\"query-input\":{\"@type\":\"PropertyValueSpecification\",\"valueRequired\":true,\"valueName\":\"search_term_string\"}}],\"inLanguage\":\"es\"},{\"@type\":\"Organization\",\"@id\":\"https:\/\/mrios.santcugatesn.com\/#organization\",\"name\":\"SENZIA\",\"url\":\"https:\/\/mrios.santcugatesn.com\/\",\"logo\":{\"@type\":\"ImageObject\",\"inLanguage\":\"es\",\"@id\":\"https:\/\/mrios.santcugatesn.com\/#\/schema\/logo\/image\/\",\"url\":\"https:\/\/mrios.santcugatesn.com\/wp-content\/uploads\/2025\/11\/cropped-Captura-de-pantalla-2025-11-10-a-las-13.09.19.png\",\"contentUrl\":\"https:\/\/mrios.santcugatesn.com\/wp-content\/uploads\/2025\/11\/cropped-Captura-de-pantalla-2025-11-10-a-las-13.09.19.png\",\"width\":806,\"height\":252,\"caption\":\"SENZIA\"},\"image\":{\"@id\":\"https:\/\/mrios.santcugatesn.com\/#\/schema\/logo\/image\/\"}}]}<\/script>\n<!-- \/ Yoast SEO plugin. -->","yoast_head_json":{"title":"Sobre Senzia | Bienestar sensorial y tecnolog\u00eda consciente","description":"Descubre nuestra misi\u00f3n, visi\u00f3n y valores. Soluciones de bienestar sensorial para el hogar con aroma, luz y tecnolog\u00eda consciente.","robots":{"index":"index","follow":"follow","max-snippet":"max-snippet:-1","max-image-preview":"max-image-preview:large","max-video-preview":"max-video-preview:-1"},"canonical":"https:\/\/mrios.santcugatesn.com\/index.php\/sobre-senzia\/","og_locale":"es_ES","og_type":"article","og_title":"Sobre Senzia | Bienestar sensorial y tecnolog\u00eda consciente","og_description":"Descubre nuestra misi\u00f3n, visi\u00f3n y valores. Soluciones de bienestar sensorial para el hogar con aroma, luz y tecnolog\u00eda consciente.","og_url":"https:\/\/mrios.santcugatesn.com\/index.php\/sobre-senzia\/","article_modified_time":"2025-12-18T20:26:42+00:00","og_image":[{"width":1004,"height":1008,"url":"https:\/\/mrios.santcugatesn.com\/wp-content\/uploads\/2025\/12\/Captura-de-pantalla-2025-12-15-a-las-21.35.31.png","type":"image\/png"}],"twitter_card":"summary_large_image","twitter_misc":{"Tiempo de lectura":"2 minutos"},"schema":{"@context":"https:\/\/schema.org","@graph":[{"@type":"WebPage","@id":"https:\/\/mrios.santcugatesn.com\/index.php\/sobre-senzia\/","url":"https:\/\/mrios.santcugatesn.com\/index.php\/sobre-senzia\/","name":"Sobre Senzia | Bienestar sensorial y tecnolog\u00eda consciente","isPartOf":{"@id":"https:\/\/mrios.santcugatesn.com\/#website"},"primaryImageOfPage":{"@id":"https:\/\/mrios.santcugatesn.com\/index.php\/sobre-senzia\/#primaryimage"},"image":{"@id":"https:\/\/mrios.santcugatesn.com\/index.php\/sobre-senzia\/#primaryimage"},"thumbnailUrl":"https:\/\/mrios.santcugatesn.com\/wp-content\/uploads\/2025\/12\/Captura-de-pantalla-2025-12-15-a-las-21.35.31.png","datePublished":"2025-12-01T15:49:57+00:00","dateModified":"2025-12-18T20:26:42+00:00","description":"Descubre nuestra misi\u00f3n, visi\u00f3n y valores. Soluciones de bienestar sensorial para el hogar con aroma, luz y tecnolog\u00eda consciente.","breadcrumb":{"@id":"https:\/\/mrios.santcugatesn.com\/index.php\/sobre-senzia\/#breadcrumb"},"inLanguage":"es","potentialAction":[{"@type":"ReadAction","target":["https:\/\/mrios.santcugatesn.com\/index.php\/sobre-senzia\/"]}]},{"@type":"ImageObject","inLanguage":"es","@id":"https:\/\/mrios.santcugatesn.com\/index.php\/sobre-senzia\/#primaryimage","url":"https:\/\/mrios.santcugatesn.com\/wp-content\/uploads\/2025\/12\/Captura-de-pantalla-2025-12-15-a-las-21.35.31.png","contentUrl":"https:\/\/mrios.santcugatesn.com\/wp-content\/uploads\/2025\/12\/Captura-de-pantalla-2025-12-15-a-las-21.35.31.png","width":1004,"height":1008},{"@type":"BreadcrumbList","@id":"https:\/\/mrios.santcugatesn.com\/index.php\/sobre-senzia\/#breadcrumb","itemListElement":[{"@type":"ListItem","position":1,"name":"Portada","item":"https:\/\/mrios.santcugatesn.com\/"},{"@type":"ListItem","position":2,"name":"SOBRE SENZIA"}]},{"@type":"WebSite","@id":"https:\/\/mrios.santcugatesn.com\/#website","url":"https:\/\/mrios.santcugatesn.com\/","name":"SENZIA","description":"","publisher":{"@id":"https:\/\/mrios.santcugatesn.com\/#organization"},"potentialAction":[{"@type":"SearchAction","target":{"@type":"EntryPoint","urlTemplate":"https:\/\/mrios.santcugatesn.com\/?s={search_term_string}"},"query-input":{"@type":"PropertyValueSpecification","valueRequired":true,"valueName":"search_term_string"}}],"inLanguage":"es"},{"@type":"Organization","@id":"https:\/\/mrios.santcugatesn.com\/#organization","name":"SENZIA","url":"https:\/\/mrios.santcugatesn.com\/","logo":{"@type":"ImageObject","inLanguage":"es","@id":"https:\/\/mrios.santcugatesn.com\/#\/schema\/logo\/image\/","url":"https:\/\/mrios.santcugatesn.com\/wp-content\/uploads\/2025\/11\/cropped-Captura-de-pantalla-2025-11-10-a-las-13.09.19.png","contentUrl":"https:\/\/mrios.santcugatesn.com\/wp-content\/uploads\/2025\/11\/cropped-Captura-de-pantalla-2025-11-10-a-las-13.09.19.png","width":806,"height":252,"caption":"SENZIA"},"image":{"@id":"https:\/\/mrios.santcugatesn.com\/#\/schema\/logo\/image\/"}}]}},"_links":{"self":[{"href":"https:\/\/mrios.santcugatesn.com\/index.php\/wp-json\/wp\/v2\/pages\/229","targetHints":{"allow":["GET"]}}],"collection":[{"href":"https:\/\/mrios.santcugatesn.com\/index.php\/wp-json\/wp\/v2\/pages"}],"about":[{"href":"https:\/\/mrios.santcugatesn.com\/index.php\/wp-json\/wp\/v2\/types\/page"}],"author":[{"embeddable":true,"href":"https:\/\/mrios.santcugatesn.com\/index.php\/wp-json\/wp\/v2\/users\/2"}],"replies":[{"embeddable":true,"href":"https:\/\/mrios.santcugatesn.com\/index.php\/wp-json\/wp\/v2\/comments?post=229"}],"version-history":[{"count":12,"href":"https:\/\/mrios.santcugatesn.com\/index.php\/wp-json\/wp\/v2\/pages\/229\/revisions"}],"predecessor-version":[{"id":401,"href":"https:\/\/mrios.santcugatesn.com\/index.php\/wp-json\/wp\/v2\/pages\/229\/revisions\/401"}],"wp:attachment":[{"href":"https:\/\/mrios.santcugatesn.com\/index.php\/wp-json\/wp\/v2\/media?parent=229"}],"curies":[{"name":"wp","href":"https:\/\/api.w.org\/{rel}","templated":true}]}}