{"id":121,"date":"2025-11-04T15:39:05","date_gmt":"2025-11-04T15:39:05","guid":{"rendered":"https:\/\/mrios.santcugatesn.com\/?post_type=product&#038;p=121"},"modified":"2025-12-03T20:53:17","modified_gmt":"2025-12-03T20:53:17","slug":"ambientador-x","status":"publish","type":"product","link":"https:\/\/mrios.santcugatesn.com\/index.php\/producto\/ambientador-x\/","title":{"rendered":"Ambientador BREEZE"},"content":{"rendered":"<p data-start=\"287\" data-end=\"574\">Transforma el ambiente de tus espacios favoritos con <strong data-start=\"340\" data-end=\"357\">SENZIA Breeze<\/strong>, el ambientador inteligente y sostenible dise\u00f1ado para zonas de hasta <strong data-start=\"428\" data-end=\"437\">20 m\u00b2<\/strong>. Ideal para dormitorios, despachos o salones peque\u00f1os, Breeze combina <strong data-start=\"508\" data-end=\"550\">tecnolog\u00eda, bienestar y sostenibilidad<\/strong> en un solo dispositivo.<\/p>\n<p data-start=\"576\" data-end=\"935\">Desde la <strong data-start=\"585\" data-end=\"599\">app Senzia<\/strong>, podr\u00e1s <strong data-start=\"608\" data-end=\"649\">personalizar tu experiencia al m\u00e1ximo<\/strong>: mezcla aromas seg\u00fan tu estado de \u00e1nimo, ajusta la intensidad o deja que el dispositivo cambie autom\u00e1ticamente la fragancia dependiendo del clima o la hora del d\u00eda.<br data-start=\"814\" data-end=\"817\" \/>\ud83c\udf27\ufe0f Si llueve, Breeze libera aromas c\u00e1lidos y acogedores.<br data-start=\"874\" data-end=\"877\" \/>\u2600\ufe0f Si hace calor, opta por fragancias frescas y ligeras.<\/p>\n<p data-start=\"937\" data-end=\"1103\">Su <strong data-start=\"940\" data-end=\"970\">sensor de aire inteligente<\/strong> detecta malos olores, humo o humedad, activ\u00e1ndose solo cuando es necesario para mantener el ambiente siempre limpio y equilibrado.<\/p>\n<p data-start=\"1105\" data-end=\"1393\">Adem\u00e1s, cuenta con una <strong data-start=\"1128\" data-end=\"1157\">iluminaci\u00f3n LED ambiental<\/strong> que se sincroniza con el aroma y te permite elegir colores e intensidad para crear el ambiente perfecto. Y si buscas una experiencia completa, combina <strong data-start=\"1309\" data-end=\"1331\">m\u00fasica y fragancia<\/strong> para disfrutar de momentos \u00fanicos de relax o concentraci\u00f3n.<\/p>\n<p data-start=\"1395\" data-end=\"1613\">Las <strong data-start=\"1399\" data-end=\"1423\">c\u00e1psulas recargables<\/strong> est\u00e1n elaboradas con <strong data-start=\"1445\" data-end=\"1492\">esencias naturales y materiales reciclables<\/strong>, reflejando nuestro compromiso con el planeta. Sin qu\u00edmicos da\u00f1inos, solo aromas puros que cuidan de ti y del entorno.<\/p>\n<p data-start=\"1615\" data-end=\"1642\">\u2728 <strong data-start=\"1617\" data-end=\"1640\">Modos inteligentes:<\/strong><\/p>\n<ul data-start=\"1643\" data-end=\"1748\">\n<li data-start=\"1643\" data-end=\"1694\">\n<p data-start=\"1645\" data-end=\"1694\"><strong data-start=\"1645\" data-end=\"1661\">Modo ma\u00f1ana:<\/strong> aroma energizante y luz suave.<\/p>\n<\/li>\n<li data-start=\"1695\" data-end=\"1748\">\n<p data-start=\"1697\" data-end=\"1748\"><strong data-start=\"1697\" data-end=\"1712\">Modo noche:<\/strong> fragancia relajante y luz c\u00e1lida.<\/p>\n<\/li>\n<\/ul>\n<p data-start=\"1750\" data-end=\"1849\">\ud83c\udf31 <strong data-start=\"1753\" data-end=\"1770\">SENZIA Breeze<\/strong> convierte cualquier rinc\u00f3n en un espacio de bienestar, equilibrio y armon\u00eda.<\/p>\n","protected":false},"excerpt":{"rendered":"<p>Crea el ambiente perfecto en tu espacio favorito de hasta <strong data-start=\"181\" data-end=\"190\">20 m\u00b2<\/strong>. Personaliza aromas, luz y m\u00fasica desde la app y deja que <strong data-start=\"249\" data-end=\"259\">Breeze<\/strong> se adapte a tu estado de \u00e1nimo. Natural, inteligente y sostenible: bienestar al ritmo de tu d\u00eda.<\/p>\n","protected":false},"featured_media":170,"comment_status":"open","ping_status":"closed","template":"","meta":[],"product_brand":[],"product_cat":[22],"product_tag":[],"class_list":{"0":"post-121","1":"product","2":"type-product","3":"status-publish","4":"has-post-thumbnail","6":"product_cat-ambientadores-naturales-hogar","8":"first","9":"instock","10":"taxable","11":"shipping-taxable","12":"purchasable","13":"product-type-variable"},"yoast_head":"<!-- This site is optimized with the Yoast SEO plugin v26.6 - https:\/\/yoast.com\/wordpress\/plugins\/seo\/ -->\n<title>Ambientador BREEZE -<\/title>\n<meta name=\"robots\" content=\"index, follow, max-snippet:-1, max-image-preview:large, max-video-preview:-1\" \/>\n<link rel=\"canonical\" href=\"https:\/\/mrios.santcugatesn.com\/index.php\/producto\/ambientador-x\/\" \/>\n<meta property=\"og:locale\" content=\"es_ES\" \/>\n<meta property=\"og:type\" content=\"article\" \/>\n<meta property=\"og:title\" content=\"Ambientador BREEZE -\" \/>\n<meta property=\"og:description\" content=\"Crea el ambiente perfecto en tu espacio favorito de hasta 20 m\u00b2. Personaliza aromas, luz y m\u00fasica desde la app y deja que Breeze se adapte a tu estado de \u00e1nimo. Natural, inteligente y sostenible: bienestar al ritmo de tu d\u00eda.\" \/>\n<meta property=\"og:url\" content=\"https:\/\/mrios.santcugatesn.com\/index.php\/producto\/ambientador-x\/\" \/>\n<meta property=\"article:modified_time\" content=\"2025-12-03T20:53:17+00:00\" \/>\n<meta property=\"og:image\" content=\"https:\/\/mrios.santcugatesn.com\/wp-content\/uploads\/2025\/11\/Captura-de-pantalla-2025-11-10-a-las-15.51.51.png\" \/>\n\t<meta property=\"og:image:width\" content=\"1036\" \/>\n\t<meta property=\"og:image:height\" content=\"1030\" \/>\n\t<meta property=\"og:image:type\" content=\"image\/png\" \/>\n<meta name=\"twitter:card\" content=\"summary_large_image\" \/>\n<meta name=\"twitter:label1\" content=\"Tiempo de lectura\" \/>\n\t<meta name=\"twitter:data1\" content=\"1 minuto\" \/>\n<script type=\"application\/ld+json\" class=\"yoast-schema-graph\">{\"@context\":\"https:\/\/schema.org\",\"@graph\":[{\"@type\":\"WebPage\",\"@id\":\"https:\/\/mrios.santcugatesn.com\/index.php\/producto\/ambientador-x\/\",\"url\":\"https:\/\/mrios.santcugatesn.com\/index.php\/producto\/ambientador-x\/\",\"name\":\"Ambientador BREEZE -\",\"isPartOf\":{\"@id\":\"https:\/\/mrios.santcugatesn.com\/#website\"},\"primaryImageOfPage\":{\"@id\":\"https:\/\/mrios.santcugatesn.com\/index.php\/producto\/ambientador-x\/#primaryimage\"},\"image\":{\"@id\":\"https:\/\/mrios.santcugatesn.com\/index.php\/producto\/ambientador-x\/#primaryimage\"},\"thumbnailUrl\":\"https:\/\/mrios.santcugatesn.com\/wp-content\/uploads\/2025\/11\/Captura-de-pantalla-2025-11-10-a-las-15.51.51.png\",\"datePublished\":\"2025-11-04T15:39:05+00:00\",\"dateModified\":\"2025-12-03T20:53:17+00:00\",\"breadcrumb\":{\"@id\":\"https:\/\/mrios.santcugatesn.com\/index.php\/producto\/ambientador-x\/#breadcrumb\"},\"inLanguage\":\"es\",\"potentialAction\":[{\"@type\":\"ReadAction\",\"target\":[\"https:\/\/mrios.santcugatesn.com\/index.php\/producto\/ambientador-x\/\"]}]},{\"@type\":\"ImageObject\",\"inLanguage\":\"es\",\"@id\":\"https:\/\/mrios.santcugatesn.com\/index.php\/producto\/ambientador-x\/#primaryimage\",\"url\":\"https:\/\/mrios.santcugatesn.com\/wp-content\/uploads\/2025\/11\/Captura-de-pantalla-2025-11-10-a-las-15.51.51.png\",\"contentUrl\":\"https:\/\/mrios.santcugatesn.com\/wp-content\/uploads\/2025\/11\/Captura-de-pantalla-2025-11-10-a-las-15.51.51.png\",\"width\":1036,\"height\":1030},{\"@type\":\"BreadcrumbList\",\"@id\":\"https:\/\/mrios.santcugatesn.com\/index.php\/producto\/ambientador-x\/#breadcrumb\",\"itemListElement\":[{\"@type\":\"ListItem\",\"position\":1,\"name\":\"Portada\",\"item\":\"https:\/\/mrios.santcugatesn.com\/\"},{\"@type\":\"ListItem\",\"position\":2,\"name\":\"TIENDA\",\"item\":\"https:\/\/mrios.santcugatesn.com\/index.php\/ambientadores\/\"},{\"@type\":\"ListItem\",\"position\":3,\"name\":\"Ambientador BREEZE\"}]},{\"@type\":\"WebSite\",\"@id\":\"https:\/\/mrios.santcugatesn.com\/#website\",\"url\":\"https:\/\/mrios.santcugatesn.com\/\",\"name\":\"SENZIA\",\"description\":\"\",\"publisher\":{\"@id\":\"https:\/\/mrios.santcugatesn.com\/#organization\"},\"potentialAction\":[{\"@type\":\"SearchAction\",\"target\":{\"@type\":\"EntryPoint\",\"urlTemplate\":\"https:\/\/mrios.santcugatesn.com\/?s={search_term_string}\"},\"query-input\":{\"@type\":\"PropertyValueSpecification\",\"valueRequired\":true,\"valueName\":\"search_term_string\"}}],\"inLanguage\":\"es\"},{\"@type\":\"Organization\",\"@id\":\"https:\/\/mrios.santcugatesn.com\/#organization\",\"name\":\"SENZIA\",\"url\":\"https:\/\/mrios.santcugatesn.com\/\",\"logo\":{\"@type\":\"ImageObject\",\"inLanguage\":\"es\",\"@id\":\"https:\/\/mrios.santcugatesn.com\/#\/schema\/logo\/image\/\",\"url\":\"https:\/\/mrios.santcugatesn.com\/wp-content\/uploads\/2025\/11\/cropped-Captura-de-pantalla-2025-11-10-a-las-13.09.19.png\",\"contentUrl\":\"https:\/\/mrios.santcugatesn.com\/wp-content\/uploads\/2025\/11\/cropped-Captura-de-pantalla-2025-11-10-a-las-13.09.19.png\",\"width\":806,\"height\":252,\"caption\":\"SENZIA\"},\"image\":{\"@id\":\"https:\/\/mrios.santcugatesn.com\/#\/schema\/logo\/image\/\"}}]}<\/script>\n<!-- \/ Yoast SEO plugin. -->","yoast_head_json":{"title":"Ambientador BREEZE -","robots":{"index":"index","follow":"follow","max-snippet":"max-snippet:-1","max-image-preview":"max-image-preview:large","max-video-preview":"max-video-preview:-1"},"canonical":"https:\/\/mrios.santcugatesn.com\/index.php\/producto\/ambientador-x\/","og_locale":"es_ES","og_type":"article","og_title":"Ambientador BREEZE -","og_description":"Crea el ambiente perfecto en tu espacio favorito de hasta 20 m\u00b2. Personaliza aromas, luz y m\u00fasica desde la app y deja que Breeze se adapte a tu estado de \u00e1nimo. Natural, inteligente y sostenible: bienestar al ritmo de tu d\u00eda.","og_url":"https:\/\/mrios.santcugatesn.com\/index.php\/producto\/ambientador-x\/","article_modified_time":"2025-12-03T20:53:17+00:00","og_image":[{"width":1036,"height":1030,"url":"https:\/\/mrios.santcugatesn.com\/wp-content\/uploads\/2025\/11\/Captura-de-pantalla-2025-11-10-a-las-15.51.51.png","type":"image\/png"}],"twitter_card":"summary_large_image","twitter_misc":{"Tiempo de lectura":"1 minuto"},"schema":{"@context":"https:\/\/schema.org","@graph":[{"@type":"WebPage","@id":"https:\/\/mrios.santcugatesn.com\/index.php\/producto\/ambientador-x\/","url":"https:\/\/mrios.santcugatesn.com\/index.php\/producto\/ambientador-x\/","name":"Ambientador BREEZE -","isPartOf":{"@id":"https:\/\/mrios.santcugatesn.com\/#website"},"primaryImageOfPage":{"@id":"https:\/\/mrios.santcugatesn.com\/index.php\/producto\/ambientador-x\/#primaryimage"},"image":{"@id":"https:\/\/mrios.santcugatesn.com\/index.php\/producto\/ambientador-x\/#primaryimage"},"thumbnailUrl":"https:\/\/mrios.santcugatesn.com\/wp-content\/uploads\/2025\/11\/Captura-de-pantalla-2025-11-10-a-las-15.51.51.png","datePublished":"2025-11-04T15:39:05+00:00","dateModified":"2025-12-03T20:53:17+00:00","breadcrumb":{"@id":"https:\/\/mrios.santcugatesn.com\/index.php\/producto\/ambientador-x\/#breadcrumb"},"inLanguage":"es","potentialAction":[{"@type":"ReadAction","target":["https:\/\/mrios.santcugatesn.com\/index.php\/producto\/ambientador-x\/"]}]},{"@type":"ImageObject","inLanguage":"es","@id":"https:\/\/mrios.santcugatesn.com\/index.php\/producto\/ambientador-x\/#primaryimage","url":"https:\/\/mrios.santcugatesn.com\/wp-content\/uploads\/2025\/11\/Captura-de-pantalla-2025-11-10-a-las-15.51.51.png","contentUrl":"https:\/\/mrios.santcugatesn.com\/wp-content\/uploads\/2025\/11\/Captura-de-pantalla-2025-11-10-a-las-15.51.51.png","width":1036,"height":1030},{"@type":"BreadcrumbList","@id":"https:\/\/mrios.santcugatesn.com\/index.php\/producto\/ambientador-x\/#breadcrumb","itemListElement":[{"@type":"ListItem","position":1,"name":"Portada","item":"https:\/\/mrios.santcugatesn.com\/"},{"@type":"ListItem","position":2,"name":"TIENDA","item":"https:\/\/mrios.santcugatesn.com\/index.php\/ambientadores\/"},{"@type":"ListItem","position":3,"name":"Ambientador BREEZE"}]},{"@type":"WebSite","@id":"https:\/\/mrios.santcugatesn.com\/#website","url":"https:\/\/mrios.santcugatesn.com\/","name":"SENZIA","description":"","publisher":{"@id":"https:\/\/mrios.santcugatesn.com\/#organization"},"potentialAction":[{"@type":"SearchAction","target":{"@type":"EntryPoint","urlTemplate":"https:\/\/mrios.santcugatesn.com\/?s={search_term_string}"},"query-input":{"@type":"PropertyValueSpecification","valueRequired":true,"valueName":"search_term_string"}}],"inLanguage":"es"},{"@type":"Organization","@id":"https:\/\/mrios.santcugatesn.com\/#organization","name":"SENZIA","url":"https:\/\/mrios.santcugatesn.com\/","logo":{"@type":"ImageObject","inLanguage":"es","@id":"https:\/\/mrios.santcugatesn.com\/#\/schema\/logo\/image\/","url":"https:\/\/mrios.santcugatesn.com\/wp-content\/uploads\/2025\/11\/cropped-Captura-de-pantalla-2025-11-10-a-las-13.09.19.png","contentUrl":"https:\/\/mrios.santcugatesn.com\/wp-content\/uploads\/2025\/11\/cropped-Captura-de-pantalla-2025-11-10-a-las-13.09.19.png","width":806,"height":252,"caption":"SENZIA"},"image":{"@id":"https:\/\/mrios.santcugatesn.com\/#\/schema\/logo\/image\/"}}]}},"_links":{"self":[{"href":"https:\/\/mrios.santcugatesn.com\/index.php\/wp-json\/wp\/v2\/product\/121","targetHints":{"allow":["GET"]}}],"collection":[{"href":"https:\/\/mrios.santcugatesn.com\/index.php\/wp-json\/wp\/v2\/product"}],"about":[{"href":"https:\/\/mrios.santcugatesn.com\/index.php\/wp-json\/wp\/v2\/types\/product"}],"replies":[{"embeddable":true,"href":"https:\/\/mrios.santcugatesn.com\/index.php\/wp-json\/wp\/v2\/comments?post=121"}],"wp:featuredmedia":[{"embeddable":true,"href":"https:\/\/mrios.santcugatesn.com\/index.php\/wp-json\/wp\/v2\/media\/170"}],"wp:attachment":[{"href":"https:\/\/mrios.santcugatesn.com\/index.php\/wp-json\/wp\/v2\/media?parent=121"}],"wp:term":[{"taxonomy":"product_brand","embeddable":true,"href":"https:\/\/mrios.santcugatesn.com\/index.php\/wp-json\/wp\/v2\/product_brand?post=121"},{"taxonomy":"product_cat","embeddable":true,"href":"https:\/\/mrios.santcugatesn.com\/index.php\/wp-json\/wp\/v2\/product_cat?post=121"},{"taxonomy":"product_tag","embeddable":true,"href":"https:\/\/mrios.santcugatesn.com\/index.php\/wp-json\/wp\/v2\/product_tag?post=121"}],"curies":[{"name":"wp","href":"https:\/\/api.w.org\/{rel}","templated":true}]}}