{"id":192,"date":"2025-11-11T21:33:09","date_gmt":"2025-11-11T21:33:09","guid":{"rendered":"https:\/\/mrios.santcugatesn.com\/?post_type=product&#038;p=192"},"modified":"2025-12-03T21:20:16","modified_gmt":"2025-12-03T21:20:16","slug":"pack-6-pods","status":"publish","type":"product","link":"https:\/\/mrios.santcugatesn.com\/index.php\/producto\/pack-6-pods\/","title":{"rendered":"Pack 6 PODS"},"content":{"rendered":"<p data-start=\"121\" data-end=\"444\">Descubre el <strong data-start=\"133\" data-end=\"158\">Pack de 6 SENZIA Pods<\/strong>, una colecci\u00f3n de c\u00e1psulas de aromas naturales dise\u00f1adas para transformar el ambiente de tu hogar o espacio de trabajo.<br data-start=\"278\" data-end=\"281\" \/>Cada pod est\u00e1 elaborado con <strong data-start=\"309\" data-end=\"357\">esencias puras, biodegradables y sostenibles<\/strong>, pensadas para adaptarse a tu estado de \u00e1nimo y acompa\u00f1arte en cada momento del d\u00eda.<\/p>\n<p data-start=\"446\" data-end=\"724\">El pack incluye <strong data-start=\"462\" data-end=\"483\">diferentes aromas<\/strong> \u2014desde fragancias relajantes y florales hasta notas frescas, c\u00edtricas o amaderadas\u2014 para que puedas <strong data-start=\"584\" data-end=\"635\">personalizar tu experiencia desde la app SENZIA<\/strong>.<br data-start=\"636\" data-end=\"639\" \/>Combina, mezcla y crea ambientes \u00fanicos que te transmitan calma, energ\u00eda o confort.<\/p>\n<p data-start=\"726\" data-end=\"894\">Compatible con <strong data-start=\"741\" data-end=\"758\">SENZIA Breeze<\/strong> y <strong data-start=\"761\" data-end=\"776\">SENZIA Aura<\/strong>, este pack de recargas est\u00e1 dise\u00f1ado para disfrutar de una <strong data-start=\"836\" data-end=\"870\">experiencia sensorial completa<\/strong> cuidando del planeta.<\/p>\n","protected":false},"excerpt":{"rendered":"<p>Pack de 6 <strong data-start=\"977\" data-end=\"992\">SENZIA Pods<\/strong> con diferentes aromas naturales.<br data-start=\"1025\" data-end=\"1028\" \/>Personaliza tu ambiente desde la app y crea la combinaci\u00f3n perfecta para cada momento.<\/p>\n","protected":false},"featured_media":193,"comment_status":"open","ping_status":"closed","template":"","meta":[],"product_brand":[],"product_cat":[25,24],"product_tag":[],"class_list":{"0":"post-192","1":"product","2":"type-product","3":"status-publish","4":"has-post-thumbnail","6":"product_cat-packs","7":"product_cat-aromas-capsulas-senzia","9":"first","10":"instock","11":"taxable","12":"shipping-taxable","13":"purchasable","14":"product-type-simple"},"yoast_head":"<!-- This site is optimized with the Yoast SEO plugin v26.6 - https:\/\/yoast.com\/wordpress\/plugins\/seo\/ -->\n<title>Pack 6 PODS -<\/title>\n<meta name=\"robots\" content=\"index, follow, max-snippet:-1, max-image-preview:large, max-video-preview:-1\" \/>\n<link rel=\"canonical\" href=\"https:\/\/mrios.santcugatesn.com\/index.php\/producto\/pack-6-pods\/\" \/>\n<meta property=\"og:locale\" content=\"es_ES\" \/>\n<meta property=\"og:type\" content=\"article\" \/>\n<meta property=\"og:title\" content=\"Pack 6 PODS -\" \/>\n<meta property=\"og:description\" content=\"Pack de 6 SENZIA Pods con diferentes aromas naturales.Personaliza tu ambiente desde la app y crea la combinaci\u00f3n perfecta para cada momento.\" \/>\n<meta property=\"og:url\" content=\"https:\/\/mrios.santcugatesn.com\/index.php\/producto\/pack-6-pods\/\" \/>\n<meta property=\"article:modified_time\" content=\"2025-12-03T21:20:16+00:00\" \/>\n<meta property=\"og:image\" content=\"https:\/\/mrios.santcugatesn.com\/wp-content\/uploads\/2025\/11\/Captura-de-pantalla-2025-11-11-a-las-22.23.00.png\" \/>\n\t<meta property=\"og:image:width\" content=\"732\" \/>\n\t<meta property=\"og:image:height\" content=\"694\" \/>\n\t<meta property=\"og:image:type\" content=\"image\/png\" \/>\n<meta name=\"twitter:card\" content=\"summary_large_image\" \/>\n<meta name=\"twitter:label1\" content=\"Tiempo de lectura\" \/>\n\t<meta name=\"twitter:data1\" content=\"1 minuto\" \/>\n<script type=\"application\/ld+json\" class=\"yoast-schema-graph\">{\"@context\":\"https:\/\/schema.org\",\"@graph\":[{\"@type\":\"WebPage\",\"@id\":\"https:\/\/mrios.santcugatesn.com\/index.php\/producto\/pack-6-pods\/\",\"url\":\"https:\/\/mrios.santcugatesn.com\/index.php\/producto\/pack-6-pods\/\",\"name\":\"Pack 6 PODS -\",\"isPartOf\":{\"@id\":\"https:\/\/mrios.santcugatesn.com\/#website\"},\"primaryImageOfPage\":{\"@id\":\"https:\/\/mrios.santcugatesn.com\/index.php\/producto\/pack-6-pods\/#primaryimage\"},\"image\":{\"@id\":\"https:\/\/mrios.santcugatesn.com\/index.php\/producto\/pack-6-pods\/#primaryimage\"},\"thumbnailUrl\":\"https:\/\/mrios.santcugatesn.com\/wp-content\/uploads\/2025\/11\/Captura-de-pantalla-2025-11-11-a-las-22.23.00.png\",\"datePublished\":\"2025-11-11T21:33:09+00:00\",\"dateModified\":\"2025-12-03T21:20:16+00:00\",\"breadcrumb\":{\"@id\":\"https:\/\/mrios.santcugatesn.com\/index.php\/producto\/pack-6-pods\/#breadcrumb\"},\"inLanguage\":\"es\",\"potentialAction\":[{\"@type\":\"ReadAction\",\"target\":[\"https:\/\/mrios.santcugatesn.com\/index.php\/producto\/pack-6-pods\/\"]}]},{\"@type\":\"ImageObject\",\"inLanguage\":\"es\",\"@id\":\"https:\/\/mrios.santcugatesn.com\/index.php\/producto\/pack-6-pods\/#primaryimage\",\"url\":\"https:\/\/mrios.santcugatesn.com\/wp-content\/uploads\/2025\/11\/Captura-de-pantalla-2025-11-11-a-las-22.23.00.png\",\"contentUrl\":\"https:\/\/mrios.santcugatesn.com\/wp-content\/uploads\/2025\/11\/Captura-de-pantalla-2025-11-11-a-las-22.23.00.png\",\"width\":732,\"height\":694},{\"@type\":\"BreadcrumbList\",\"@id\":\"https:\/\/mrios.santcugatesn.com\/index.php\/producto\/pack-6-pods\/#breadcrumb\",\"itemListElement\":[{\"@type\":\"ListItem\",\"position\":1,\"name\":\"Portada\",\"item\":\"https:\/\/mrios.santcugatesn.com\/\"},{\"@type\":\"ListItem\",\"position\":2,\"name\":\"TIENDA\",\"item\":\"https:\/\/mrios.santcugatesn.com\/index.php\/ambientadores\/\"},{\"@type\":\"ListItem\",\"position\":3,\"name\":\"Pack 6 PODS\"}]},{\"@type\":\"WebSite\",\"@id\":\"https:\/\/mrios.santcugatesn.com\/#website\",\"url\":\"https:\/\/mrios.santcugatesn.com\/\",\"name\":\"SENZIA\",\"description\":\"\",\"publisher\":{\"@id\":\"https:\/\/mrios.santcugatesn.com\/#organization\"},\"potentialAction\":[{\"@type\":\"SearchAction\",\"target\":{\"@type\":\"EntryPoint\",\"urlTemplate\":\"https:\/\/mrios.santcugatesn.com\/?s={search_term_string}\"},\"query-input\":{\"@type\":\"PropertyValueSpecification\",\"valueRequired\":true,\"valueName\":\"search_term_string\"}}],\"inLanguage\":\"es\"},{\"@type\":\"Organization\",\"@id\":\"https:\/\/mrios.santcugatesn.com\/#organization\",\"name\":\"SENZIA\",\"url\":\"https:\/\/mrios.santcugatesn.com\/\",\"logo\":{\"@type\":\"ImageObject\",\"inLanguage\":\"es\",\"@id\":\"https:\/\/mrios.santcugatesn.com\/#\/schema\/logo\/image\/\",\"url\":\"https:\/\/mrios.santcugatesn.com\/wp-content\/uploads\/2025\/11\/cropped-Captura-de-pantalla-2025-11-10-a-las-13.09.19.png\",\"contentUrl\":\"https:\/\/mrios.santcugatesn.com\/wp-content\/uploads\/2025\/11\/cropped-Captura-de-pantalla-2025-11-10-a-las-13.09.19.png\",\"width\":806,\"height\":252,\"caption\":\"SENZIA\"},\"image\":{\"@id\":\"https:\/\/mrios.santcugatesn.com\/#\/schema\/logo\/image\/\"}}]}<\/script>\n<!-- \/ Yoast SEO plugin. -->","yoast_head_json":{"title":"Pack 6 PODS -","robots":{"index":"index","follow":"follow","max-snippet":"max-snippet:-1","max-image-preview":"max-image-preview:large","max-video-preview":"max-video-preview:-1"},"canonical":"https:\/\/mrios.santcugatesn.com\/index.php\/producto\/pack-6-pods\/","og_locale":"es_ES","og_type":"article","og_title":"Pack 6 PODS -","og_description":"Pack de 6 SENZIA Pods con diferentes aromas naturales.Personaliza tu ambiente desde la app y crea la combinaci\u00f3n perfecta para cada momento.","og_url":"https:\/\/mrios.santcugatesn.com\/index.php\/producto\/pack-6-pods\/","article_modified_time":"2025-12-03T21:20:16+00:00","og_image":[{"width":732,"height":694,"url":"https:\/\/mrios.santcugatesn.com\/wp-content\/uploads\/2025\/11\/Captura-de-pantalla-2025-11-11-a-las-22.23.00.png","type":"image\/png"}],"twitter_card":"summary_large_image","twitter_misc":{"Tiempo de lectura":"1 minuto"},"schema":{"@context":"https:\/\/schema.org","@graph":[{"@type":"WebPage","@id":"https:\/\/mrios.santcugatesn.com\/index.php\/producto\/pack-6-pods\/","url":"https:\/\/mrios.santcugatesn.com\/index.php\/producto\/pack-6-pods\/","name":"Pack 6 PODS -","isPartOf":{"@id":"https:\/\/mrios.santcugatesn.com\/#website"},"primaryImageOfPage":{"@id":"https:\/\/mrios.santcugatesn.com\/index.php\/producto\/pack-6-pods\/#primaryimage"},"image":{"@id":"https:\/\/mrios.santcugatesn.com\/index.php\/producto\/pack-6-pods\/#primaryimage"},"thumbnailUrl":"https:\/\/mrios.santcugatesn.com\/wp-content\/uploads\/2025\/11\/Captura-de-pantalla-2025-11-11-a-las-22.23.00.png","datePublished":"2025-11-11T21:33:09+00:00","dateModified":"2025-12-03T21:20:16+00:00","breadcrumb":{"@id":"https:\/\/mrios.santcugatesn.com\/index.php\/producto\/pack-6-pods\/#breadcrumb"},"inLanguage":"es","potentialAction":[{"@type":"ReadAction","target":["https:\/\/mrios.santcugatesn.com\/index.php\/producto\/pack-6-pods\/"]}]},{"@type":"ImageObject","inLanguage":"es","@id":"https:\/\/mrios.santcugatesn.com\/index.php\/producto\/pack-6-pods\/#primaryimage","url":"https:\/\/mrios.santcugatesn.com\/wp-content\/uploads\/2025\/11\/Captura-de-pantalla-2025-11-11-a-las-22.23.00.png","contentUrl":"https:\/\/mrios.santcugatesn.com\/wp-content\/uploads\/2025\/11\/Captura-de-pantalla-2025-11-11-a-las-22.23.00.png","width":732,"height":694},{"@type":"BreadcrumbList","@id":"https:\/\/mrios.santcugatesn.com\/index.php\/producto\/pack-6-pods\/#breadcrumb","itemListElement":[{"@type":"ListItem","position":1,"name":"Portada","item":"https:\/\/mrios.santcugatesn.com\/"},{"@type":"ListItem","position":2,"name":"TIENDA","item":"https:\/\/mrios.santcugatesn.com\/index.php\/ambientadores\/"},{"@type":"ListItem","position":3,"name":"Pack 6 PODS"}]},{"@type":"WebSite","@id":"https:\/\/mrios.santcugatesn.com\/#website","url":"https:\/\/mrios.santcugatesn.com\/","name":"SENZIA","description":"","publisher":{"@id":"https:\/\/mrios.santcugatesn.com\/#organization"},"potentialAction":[{"@type":"SearchAction","target":{"@type":"EntryPoint","urlTemplate":"https:\/\/mrios.santcugatesn.com\/?s={search_term_string}"},"query-input":{"@type":"PropertyValueSpecification","valueRequired":true,"valueName":"search_term_string"}}],"inLanguage":"es"},{"@type":"Organization","@id":"https:\/\/mrios.santcugatesn.com\/#organization","name":"SENZIA","url":"https:\/\/mrios.santcugatesn.com\/","logo":{"@type":"ImageObject","inLanguage":"es","@id":"https:\/\/mrios.santcugatesn.com\/#\/schema\/logo\/image\/","url":"https:\/\/mrios.santcugatesn.com\/wp-content\/uploads\/2025\/11\/cropped-Captura-de-pantalla-2025-11-10-a-las-13.09.19.png","contentUrl":"https:\/\/mrios.santcugatesn.com\/wp-content\/uploads\/2025\/11\/cropped-Captura-de-pantalla-2025-11-10-a-las-13.09.19.png","width":806,"height":252,"caption":"SENZIA"},"image":{"@id":"https:\/\/mrios.santcugatesn.com\/#\/schema\/logo\/image\/"}}]}},"_links":{"self":[{"href":"https:\/\/mrios.santcugatesn.com\/index.php\/wp-json\/wp\/v2\/product\/192","targetHints":{"allow":["GET"]}}],"collection":[{"href":"https:\/\/mrios.santcugatesn.com\/index.php\/wp-json\/wp\/v2\/product"}],"about":[{"href":"https:\/\/mrios.santcugatesn.com\/index.php\/wp-json\/wp\/v2\/types\/product"}],"replies":[{"embeddable":true,"href":"https:\/\/mrios.santcugatesn.com\/index.php\/wp-json\/wp\/v2\/comments?post=192"}],"wp:featuredmedia":[{"embeddable":true,"href":"https:\/\/mrios.santcugatesn.com\/index.php\/wp-json\/wp\/v2\/media\/193"}],"wp:attachment":[{"href":"https:\/\/mrios.santcugatesn.com\/index.php\/wp-json\/wp\/v2\/media?parent=192"}],"wp:term":[{"taxonomy":"product_brand","embeddable":true,"href":"https:\/\/mrios.santcugatesn.com\/index.php\/wp-json\/wp\/v2\/product_brand?post=192"},{"taxonomy":"product_cat","embeddable":true,"href":"https:\/\/mrios.santcugatesn.com\/index.php\/wp-json\/wp\/v2\/product_cat?post=192"},{"taxonomy":"product_tag","embeddable":true,"href":"https:\/\/mrios.santcugatesn.com\/index.php\/wp-json\/wp\/v2\/product_tag?post=192"}],"curies":[{"name":"wp","href":"https:\/\/api.w.org\/{rel}","templated":true}]}}